{"id":1606,"date":"2019-01-22T11:54:47","date_gmt":"2019-01-22T09:54:47","guid":{"rendered":"https:\/\/visithartola.fi\/?page_id=1606"},"modified":"2019-01-22T12:31:00","modified_gmt":"2019-01-22T10:31:00","slug":"%d0%bf%d0%b5%d0%b9%d1%82%d0%b5-%d0%b8-%d0%b5%d1%88%d1%8c%d1%82%d0%b5-%d0%bd%d0%b0-%d0%b7%d0%b4%d0%be%d1%80%d0%be%d0%b2%d1%8c%d0%b5","status":"publish","type":"page","link":"https:\/\/visithartola.fi\/ru\/%d0%bf%d0%b5%d0%b9%d1%82%d0%b5-%d0%b8-%d0%b5%d1%88%d1%8c%d1%82%d0%b5-%d0%bd%d0%b0-%d0%b7%d0%b4%d0%be%d1%80%d0%be%d0%b2%d1%8c%d0%b5\/","title":{"rendered":"\u043f\u0435\u0439\u0442\u0435 \u0438 \u0435\u0448\u044c\u0442\u0435 \u043d\u0430 \u0437\u0434\u043e\u0440\u043e\u0432\u044c\u0435"},"content":{"rendered":"","protected":false},"excerpt":{"rendered":"","protected":false},"author":2,"featured_media":0,"parent":0,"menu_order":0,"comment_status":"closed","ping_status":"closed","template":"templates\/page-flexible-content.php","meta":{"_acf_changed":false,"footnotes":""},"class_list":["post-1606","page","type-page","status-publish","hentry"],"acf":[],"yoast_head":"<!-- This site is optimized with the Yoast SEO plugin v27.3 - https:\/\/yoast.com\/product\/yoast-seo-wordpress\/ -->\n<title>\u043f\u0435\u0439\u0442\u0435 \u0438 \u0435\u0448\u044c\u0442\u0435 \u043d\u0430 \u0437\u0434\u043e\u0440\u043e\u0432\u044c\u0435 - \u041a\u043e\u0440\u043e\u043b\u0435\u0432\u0441\u0442\u0432\u043e \u0438\u0441\u0442\u0438\u043d\u043d\u043e\u0433\u043e \u043e\u043f\u044b\u0442\u0430<\/title>\n<meta name=\"description\" content=\"Herkuttele kuten kuninkaallinen. Hartolasta l\u00f6yd\u00e4t aitoa ja paikallista l\u00e4hiruokaa sek\u00e4 tuttuja makuja.\" \/>\n<meta name=\"robots\" content=\"index, follow, max-snippet:-1, max-image-preview:large, max-video-preview:-1\" \/>\n<link rel=\"canonical\" href=\"https:\/\/visithartola.fi\/ru\/\u043f\u0435\u0439\u0442\u0435-\u0438-\u0435\u0448\u044c\u0442\u0435-\u043d\u0430-\u0437\u0434\u043e\u0440\u043e\u0432\u044c\u0435\/\" \/>\n<meta property=\"og:locale\" content=\"ru_RU\" \/>\n<meta property=\"og:type\" content=\"article\" \/>\n<meta property=\"og:title\" content=\"\u043f\u0435\u0439\u0442\u0435 \u0438 \u0435\u0448\u044c\u0442\u0435 \u043d\u0430 \u0437\u0434\u043e\u0440\u043e\u0432\u044c\u0435 - \u041a\u043e\u0440\u043e\u043b\u0435\u0432\u0441\u0442\u0432\u043e \u0438\u0441\u0442\u0438\u043d\u043d\u043e\u0433\u043e \u043e\u043f\u044b\u0442\u0430\" \/>\n<meta property=\"og:description\" content=\"Herkuttele kuten kuninkaallinen. Hartolasta l\u00f6yd\u00e4t aitoa ja paikallista l\u00e4hiruokaa sek\u00e4 tuttuja makuja.\" \/>\n<meta property=\"og:url\" content=\"https:\/\/visithartola.fi\/ru\/\u043f\u0435\u0439\u0442\u0435-\u0438-\u0435\u0448\u044c\u0442\u0435-\u043d\u0430-\u0437\u0434\u043e\u0440\u043e\u0432\u044c\u0435\/\" \/>\n<meta property=\"og:site_name\" content=\"\u041a\u043e\u0440\u043e\u043b\u0435\u0432\u0441\u0442\u0432\u043e \u0438\u0441\u0442\u0438\u043d\u043d\u043e\u0433\u043e \u043e\u043f\u044b\u0442\u0430\" \/>\n<meta property=\"article:publisher\" content=\"https:\/\/fi-fi.facebook.com\/hartola.fi\/\" \/>\n<meta property=\"article:modified_time\" content=\"2019-01-22T10:31:00+00:00\" \/>\n<meta property=\"og:image\" content=\"https:\/\/visithartola.fi\/wp-content\/uploads\/2018\/11\/Visithartola-Hartolan-Kuningaskunta-Somekuva.jpg\" \/>\n\t<meta property=\"og:image:width\" content=\"1200\" \/>\n\t<meta property=\"og:image:height\" content=\"600\" \/>\n\t<meta property=\"og:image:type\" content=\"image\/jpeg\" \/>\n<meta name=\"twitter:card\" content=\"summary_large_image\" \/>\n<script type=\"application\/ld+json\" class=\"yoast-schema-graph\">{\"@context\":\"https:\\\/\\\/schema.org\",\"@graph\":[{\"@type\":\"WebPage\",\"@id\":\"https:\\\/\\\/visithartola.fi\\\/ru\\\/%d0%bf%d0%b5%d0%b9%d1%82%d0%b5-%d0%b8-%d0%b5%d1%88%d1%8c%d1%82%d0%b5-%d0%bd%d0%b0-%d0%b7%d0%b4%d0%be%d1%80%d0%be%d0%b2%d1%8c%d0%b5\\\/\",\"url\":\"https:\\\/\\\/visithartola.fi\\\/ru\\\/%d0%bf%d0%b5%d0%b9%d1%82%d0%b5-%d0%b8-%d0%b5%d1%88%d1%8c%d1%82%d0%b5-%d0%bd%d0%b0-%d0%b7%d0%b4%d0%be%d1%80%d0%be%d0%b2%d1%8c%d0%b5\\\/\",\"name\":\"\u043f\u0435\u0439\u0442\u0435 \u0438 \u0435\u0448\u044c\u0442\u0435 \u043d\u0430 \u0437\u0434\u043e\u0440\u043e\u0432\u044c\u0435 - \u041a\u043e\u0440\u043e\u043b\u0435\u0432\u0441\u0442\u0432\u043e \u0438\u0441\u0442\u0438\u043d\u043d\u043e\u0433\u043e \u043e\u043f\u044b\u0442\u0430\",\"isPartOf\":{\"@id\":\"https:\\\/\\\/visithartola.fi\\\/#website\"},\"datePublished\":\"2019-01-22T09:54:47+00:00\",\"dateModified\":\"2019-01-22T10:31:00+00:00\",\"description\":\"Herkuttele kuten kuninkaallinen. Hartolasta l\u00f6yd\u00e4t aitoa ja paikallista l\u00e4hiruokaa sek\u00e4 tuttuja makuja.\",\"breadcrumb\":{\"@id\":\"https:\\\/\\\/visithartola.fi\\\/ru\\\/%d0%bf%d0%b5%d0%b9%d1%82%d0%b5-%d0%b8-%d0%b5%d1%88%d1%8c%d1%82%d0%b5-%d0%bd%d0%b0-%d0%b7%d0%b4%d0%be%d1%80%d0%be%d0%b2%d1%8c%d0%b5\\\/#breadcrumb\"},\"inLanguage\":\"ru-RU\",\"potentialAction\":[{\"@type\":\"ReadAction\",\"target\":[\"https:\\\/\\\/visithartola.fi\\\/ru\\\/%d0%bf%d0%b5%d0%b9%d1%82%d0%b5-%d0%b8-%d0%b5%d1%88%d1%8c%d1%82%d0%b5-%d0%bd%d0%b0-%d0%b7%d0%b4%d0%be%d1%80%d0%be%d0%b2%d1%8c%d0%b5\\\/\"]}]},{\"@type\":\"BreadcrumbList\",\"@id\":\"https:\\\/\\\/visithartola.fi\\\/ru\\\/%d0%bf%d0%b5%d0%b9%d1%82%d0%b5-%d0%b8-%d0%b5%d1%88%d1%8c%d1%82%d0%b5-%d0%bd%d0%b0-%d0%b7%d0%b4%d0%be%d1%80%d0%be%d0%b2%d1%8c%d0%b5\\\/#breadcrumb\",\"itemListElement\":[{\"@type\":\"ListItem\",\"position\":1,\"name\":\"Home\",\"item\":\"https:\\\/\\\/visithartola.fi\\\/ru\\\/\"},{\"@type\":\"ListItem\",\"position\":2,\"name\":\"\u043f\u0435\u0439\u0442\u0435 \u0438 \u0435\u0448\u044c\u0442\u0435 \u043d\u0430 \u0437\u0434\u043e\u0440\u043e\u0432\u044c\u0435\"}]},{\"@type\":\"WebSite\",\"@id\":\"https:\\\/\\\/visithartola.fi\\\/#website\",\"url\":\"https:\\\/\\\/visithartola.fi\\\/\",\"name\":\"\u041a\u043e\u0440\u043e\u043b\u0435\u0432\u0441\u0442\u0432\u043e \u0438\u0441\u0442\u0438\u043d\u043d\u043e\u0433\u043e \u043e\u043f\u044b\u0442\u0430\",\"description\":\"\u0422\u0443\u0440\u0438\u0441\u0442\u0438\u0447\u0435\u0441\u043a\u0438\u0439 \u0432\u0435\u0431-\u0441\u0430\u0439\u0442 \u041a\u043e\u0440\u043e\u043b\u0435\u0432\u0441\u0442\u0432\u0430 \u0425\u0430\u0440\u0442\u043e\u043b\u0430\",\"potentialAction\":[{\"@type\":\"SearchAction\",\"target\":{\"@type\":\"EntryPoint\",\"urlTemplate\":\"https:\\\/\\\/visithartola.fi\\\/?s={search_term_string}\"},\"query-input\":{\"@type\":\"PropertyValueSpecification\",\"valueRequired\":true,\"valueName\":\"search_term_string\"}}],\"inLanguage\":\"ru-RU\"}]}<\/script>\n<!-- \/ Yoast SEO plugin. -->","yoast_head_json":{"title":"\u043f\u0435\u0439\u0442\u0435 \u0438 \u0435\u0448\u044c\u0442\u0435 \u043d\u0430 \u0437\u0434\u043e\u0440\u043e\u0432\u044c\u0435 - \u041a\u043e\u0440\u043e\u043b\u0435\u0432\u0441\u0442\u0432\u043e \u0438\u0441\u0442\u0438\u043d\u043d\u043e\u0433\u043e \u043e\u043f\u044b\u0442\u0430","description":"Herkuttele kuten kuninkaallinen. Hartolasta l\u00f6yd\u00e4t aitoa ja paikallista l\u00e4hiruokaa sek\u00e4 tuttuja makuja.","robots":{"index":"index","follow":"follow","max-snippet":"max-snippet:-1","max-image-preview":"max-image-preview:large","max-video-preview":"max-video-preview:-1"},"canonical":"https:\/\/visithartola.fi\/ru\/\u043f\u0435\u0439\u0442\u0435-\u0438-\u0435\u0448\u044c\u0442\u0435-\u043d\u0430-\u0437\u0434\u043e\u0440\u043e\u0432\u044c\u0435\/","og_locale":"ru_RU","og_type":"article","og_title":"\u043f\u0435\u0439\u0442\u0435 \u0438 \u0435\u0448\u044c\u0442\u0435 \u043d\u0430 \u0437\u0434\u043e\u0440\u043e\u0432\u044c\u0435 - \u041a\u043e\u0440\u043e\u043b\u0435\u0432\u0441\u0442\u0432\u043e \u0438\u0441\u0442\u0438\u043d\u043d\u043e\u0433\u043e \u043e\u043f\u044b\u0442\u0430","og_description":"Herkuttele kuten kuninkaallinen. Hartolasta l\u00f6yd\u00e4t aitoa ja paikallista l\u00e4hiruokaa sek\u00e4 tuttuja makuja.","og_url":"https:\/\/visithartola.fi\/ru\/\u043f\u0435\u0439\u0442\u0435-\u0438-\u0435\u0448\u044c\u0442\u0435-\u043d\u0430-\u0437\u0434\u043e\u0440\u043e\u0432\u044c\u0435\/","og_site_name":"\u041a\u043e\u0440\u043e\u043b\u0435\u0432\u0441\u0442\u0432\u043e \u0438\u0441\u0442\u0438\u043d\u043d\u043e\u0433\u043e \u043e\u043f\u044b\u0442\u0430","article_publisher":"https:\/\/fi-fi.facebook.com\/hartola.fi\/","article_modified_time":"2019-01-22T10:31:00+00:00","og_image":[{"width":1200,"height":600,"url":"https:\/\/visithartola.fi\/wp-content\/uploads\/2018\/11\/Visithartola-Hartolan-Kuningaskunta-Somekuva.jpg","type":"image\/jpeg"}],"twitter_card":"summary_large_image","schema":{"@context":"https:\/\/schema.org","@graph":[{"@type":"WebPage","@id":"https:\/\/visithartola.fi\/ru\/%d0%bf%d0%b5%d0%b9%d1%82%d0%b5-%d0%b8-%d0%b5%d1%88%d1%8c%d1%82%d0%b5-%d0%bd%d0%b0-%d0%b7%d0%b4%d0%be%d1%80%d0%be%d0%b2%d1%8c%d0%b5\/","url":"https:\/\/visithartola.fi\/ru\/%d0%bf%d0%b5%d0%b9%d1%82%d0%b5-%d0%b8-%d0%b5%d1%88%d1%8c%d1%82%d0%b5-%d0%bd%d0%b0-%d0%b7%d0%b4%d0%be%d1%80%d0%be%d0%b2%d1%8c%d0%b5\/","name":"\u043f\u0435\u0439\u0442\u0435 \u0438 \u0435\u0448\u044c\u0442\u0435 \u043d\u0430 \u0437\u0434\u043e\u0440\u043e\u0432\u044c\u0435 - \u041a\u043e\u0440\u043e\u043b\u0435\u0432\u0441\u0442\u0432\u043e \u0438\u0441\u0442\u0438\u043d\u043d\u043e\u0433\u043e \u043e\u043f\u044b\u0442\u0430","isPartOf":{"@id":"https:\/\/visithartola.fi\/#website"},"datePublished":"2019-01-22T09:54:47+00:00","dateModified":"2019-01-22T10:31:00+00:00","description":"Herkuttele kuten kuninkaallinen. Hartolasta l\u00f6yd\u00e4t aitoa ja paikallista l\u00e4hiruokaa sek\u00e4 tuttuja makuja.","breadcrumb":{"@id":"https:\/\/visithartola.fi\/ru\/%d0%bf%d0%b5%d0%b9%d1%82%d0%b5-%d0%b8-%d0%b5%d1%88%d1%8c%d1%82%d0%b5-%d0%bd%d0%b0-%d0%b7%d0%b4%d0%be%d1%80%d0%be%d0%b2%d1%8c%d0%b5\/#breadcrumb"},"inLanguage":"ru-RU","potentialAction":[{"@type":"ReadAction","target":["https:\/\/visithartola.fi\/ru\/%d0%bf%d0%b5%d0%b9%d1%82%d0%b5-%d0%b8-%d0%b5%d1%88%d1%8c%d1%82%d0%b5-%d0%bd%d0%b0-%d0%b7%d0%b4%d0%be%d1%80%d0%be%d0%b2%d1%8c%d0%b5\/"]}]},{"@type":"BreadcrumbList","@id":"https:\/\/visithartola.fi\/ru\/%d0%bf%d0%b5%d0%b9%d1%82%d0%b5-%d0%b8-%d0%b5%d1%88%d1%8c%d1%82%d0%b5-%d0%bd%d0%b0-%d0%b7%d0%b4%d0%be%d1%80%d0%be%d0%b2%d1%8c%d0%b5\/#breadcrumb","itemListElement":[{"@type":"ListItem","position":1,"name":"Home","item":"https:\/\/visithartola.fi\/ru\/"},{"@type":"ListItem","position":2,"name":"\u043f\u0435\u0439\u0442\u0435 \u0438 \u0435\u0448\u044c\u0442\u0435 \u043d\u0430 \u0437\u0434\u043e\u0440\u043e\u0432\u044c\u0435"}]},{"@type":"WebSite","@id":"https:\/\/visithartola.fi\/#website","url":"https:\/\/visithartola.fi\/","name":"\u041a\u043e\u0440\u043e\u043b\u0435\u0432\u0441\u0442\u0432\u043e \u0438\u0441\u0442\u0438\u043d\u043d\u043e\u0433\u043e \u043e\u043f\u044b\u0442\u0430","description":"\u0422\u0443\u0440\u0438\u0441\u0442\u0438\u0447\u0435\u0441\u043a\u0438\u0439 \u0432\u0435\u0431-\u0441\u0430\u0439\u0442 \u041a\u043e\u0440\u043e\u043b\u0435\u0432\u0441\u0442\u0432\u0430 \u0425\u0430\u0440\u0442\u043e\u043b\u0430","potentialAction":[{"@type":"SearchAction","target":{"@type":"EntryPoint","urlTemplate":"https:\/\/visithartola.fi\/?s={search_term_string}"},"query-input":{"@type":"PropertyValueSpecification","valueRequired":true,"valueName":"search_term_string"}}],"inLanguage":"ru-RU"}]}},"_links":{"self":[{"href":"https:\/\/visithartola.fi\/ru\/wp-json\/wp\/v2\/pages\/1606","targetHints":{"allow":["GET"]}}],"collection":[{"href":"https:\/\/visithartola.fi\/ru\/wp-json\/wp\/v2\/pages"}],"about":[{"href":"https:\/\/visithartola.fi\/ru\/wp-json\/wp\/v2\/types\/page"}],"author":[{"embeddable":true,"href":"https:\/\/visithartola.fi\/ru\/wp-json\/wp\/v2\/users\/2"}],"replies":[{"embeddable":true,"href":"https:\/\/visithartola.fi\/ru\/wp-json\/wp\/v2\/comments?post=1606"}],"version-history":[{"count":0,"href":"https:\/\/visithartola.fi\/ru\/wp-json\/wp\/v2\/pages\/1606\/revisions"}],"wp:attachment":[{"href":"https:\/\/visithartola.fi\/ru\/wp-json\/wp\/v2\/media?parent=1606"}],"curies":[{"name":"wp","href":"https:\/\/api.w.org\/{rel}","templated":true}]}}