{"id":1424,"date":"2019-01-18T15:00:47","date_gmt":"2019-01-18T13:00:47","guid":{"rendered":"https:\/\/visithartola.fi\/?page_id=1424"},"modified":"2019-01-20T01:07:24","modified_gmt":"2019-01-19T23:07:24","slug":"essen-trinken","status":"publish","type":"page","link":"https:\/\/visithartola.fi\/de\/essen-trinken\/","title":{"rendered":"Essen &#038; trinken"},"content":{"rendered":"","protected":false},"excerpt":{"rendered":"","protected":false},"author":2,"featured_media":0,"parent":0,"menu_order":0,"comment_status":"closed","ping_status":"closed","template":"templates\/page-flexible-content.php","meta":{"_acf_changed":false,"footnotes":""},"class_list":["post-1424","page","type-page","status-publish","hentry"],"acf":[],"yoast_head":"<!-- This site is optimized with the Yoast SEO plugin v27.3 - https:\/\/yoast.com\/product\/yoast-seo-wordpress\/ -->\n<title>Essen &amp; trinken - K\u00f6nigreich der wahren Erfahrung<\/title>\n<meta name=\"description\" content=\"Wir legen Wert auf authentische lokale K\u00fcche und naturreine Zutaten. In Hartola finden Sie Restaurants f\u00fcr jeden Geschmack.\" \/>\n<meta name=\"robots\" content=\"index, follow, max-snippet:-1, max-image-preview:large, max-video-preview:-1\" \/>\n<link rel=\"canonical\" href=\"https:\/\/visithartola.fi\/de\/essen-trinken\/\" \/>\n<meta property=\"og:locale\" content=\"de_DE\" \/>\n<meta property=\"og:type\" content=\"article\" \/>\n<meta property=\"og:title\" content=\"Essen &amp; trinken - K\u00f6nigreich der wahren Erfahrung\" \/>\n<meta property=\"og:description\" content=\"Wir legen Wert auf authentische lokale K\u00fcche und naturreine Zutaten. In Hartola finden Sie Restaurants f\u00fcr jeden Geschmack.\" \/>\n<meta property=\"og:url\" content=\"https:\/\/visithartola.fi\/de\/essen-trinken\/\" \/>\n<meta property=\"og:site_name\" content=\"K\u00f6nigreich der wahren Erfahrung\" \/>\n<meta property=\"article:publisher\" content=\"https:\/\/fi-fi.facebook.com\/hartola.fi\/\" \/>\n<meta property=\"article:modified_time\" content=\"2019-01-19T23:07:24+00:00\" \/>\n<meta property=\"og:image\" content=\"https:\/\/visithartola.fi\/wp-content\/uploads\/2018\/11\/Visithartola-Hartolan-Kuningaskunta-Somekuva.jpg\" \/>\n\t<meta property=\"og:image:width\" content=\"1200\" \/>\n\t<meta property=\"og:image:height\" content=\"600\" \/>\n\t<meta property=\"og:image:type\" content=\"image\/jpeg\" \/>\n<meta name=\"twitter:card\" content=\"summary_large_image\" \/>\n<script type=\"application\/ld+json\" class=\"yoast-schema-graph\">{\"@context\":\"https:\\\/\\\/schema.org\",\"@graph\":[{\"@type\":\"WebPage\",\"@id\":\"https:\\\/\\\/visithartola.fi\\\/de\\\/essen-trinken\\\/\",\"url\":\"https:\\\/\\\/visithartola.fi\\\/de\\\/essen-trinken\\\/\",\"name\":\"Essen & trinken - K\u00f6nigreich der wahren Erfahrung\",\"isPartOf\":{\"@id\":\"https:\\\/\\\/visithartola.fi\\\/#website\"},\"datePublished\":\"2019-01-18T13:00:47+00:00\",\"dateModified\":\"2019-01-19T23:07:24+00:00\",\"description\":\"Wir legen Wert auf authentische lokale K\u00fcche und naturreine Zutaten. In Hartola finden Sie Restaurants f\u00fcr jeden Geschmack.\",\"breadcrumb\":{\"@id\":\"https:\\\/\\\/visithartola.fi\\\/de\\\/essen-trinken\\\/#breadcrumb\"},\"inLanguage\":\"de\",\"potentialAction\":[{\"@type\":\"ReadAction\",\"target\":[\"https:\\\/\\\/visithartola.fi\\\/de\\\/essen-trinken\\\/\"]}]},{\"@type\":\"BreadcrumbList\",\"@id\":\"https:\\\/\\\/visithartola.fi\\\/de\\\/essen-trinken\\\/#breadcrumb\",\"itemListElement\":[{\"@type\":\"ListItem\",\"position\":1,\"name\":\"Home\",\"item\":\"https:\\\/\\\/visithartola.fi\\\/de\\\/\"},{\"@type\":\"ListItem\",\"position\":2,\"name\":\"Essen &#038; trinken\"}]},{\"@type\":\"WebSite\",\"@id\":\"https:\\\/\\\/visithartola.fi\\\/#website\",\"url\":\"https:\\\/\\\/visithartola.fi\\\/\",\"name\":\"K\u00f6nigreich der wahren Erfahrung\",\"description\":\"Kingdom of Hartola Reise-Website\",\"potentialAction\":[{\"@type\":\"SearchAction\",\"target\":{\"@type\":\"EntryPoint\",\"urlTemplate\":\"https:\\\/\\\/visithartola.fi\\\/?s={search_term_string}\"},\"query-input\":{\"@type\":\"PropertyValueSpecification\",\"valueRequired\":true,\"valueName\":\"search_term_string\"}}],\"inLanguage\":\"de\"}]}<\/script>\n<!-- \/ Yoast SEO plugin. -->","yoast_head_json":{"title":"Essen & trinken - K\u00f6nigreich der wahren Erfahrung","description":"Wir legen Wert auf authentische lokale K\u00fcche und naturreine Zutaten. In Hartola finden Sie Restaurants f\u00fcr jeden Geschmack.","robots":{"index":"index","follow":"follow","max-snippet":"max-snippet:-1","max-image-preview":"max-image-preview:large","max-video-preview":"max-video-preview:-1"},"canonical":"https:\/\/visithartola.fi\/de\/essen-trinken\/","og_locale":"de_DE","og_type":"article","og_title":"Essen & trinken - K\u00f6nigreich der wahren Erfahrung","og_description":"Wir legen Wert auf authentische lokale K\u00fcche und naturreine Zutaten. In Hartola finden Sie Restaurants f\u00fcr jeden Geschmack.","og_url":"https:\/\/visithartola.fi\/de\/essen-trinken\/","og_site_name":"K\u00f6nigreich der wahren Erfahrung","article_publisher":"https:\/\/fi-fi.facebook.com\/hartola.fi\/","article_modified_time":"2019-01-19T23:07:24+00:00","og_image":[{"width":1200,"height":600,"url":"https:\/\/visithartola.fi\/wp-content\/uploads\/2018\/11\/Visithartola-Hartolan-Kuningaskunta-Somekuva.jpg","type":"image\/jpeg"}],"twitter_card":"summary_large_image","schema":{"@context":"https:\/\/schema.org","@graph":[{"@type":"WebPage","@id":"https:\/\/visithartola.fi\/de\/essen-trinken\/","url":"https:\/\/visithartola.fi\/de\/essen-trinken\/","name":"Essen & trinken - K\u00f6nigreich der wahren Erfahrung","isPartOf":{"@id":"https:\/\/visithartola.fi\/#website"},"datePublished":"2019-01-18T13:00:47+00:00","dateModified":"2019-01-19T23:07:24+00:00","description":"Wir legen Wert auf authentische lokale K\u00fcche und naturreine Zutaten. In Hartola finden Sie Restaurants f\u00fcr jeden Geschmack.","breadcrumb":{"@id":"https:\/\/visithartola.fi\/de\/essen-trinken\/#breadcrumb"},"inLanguage":"de","potentialAction":[{"@type":"ReadAction","target":["https:\/\/visithartola.fi\/de\/essen-trinken\/"]}]},{"@type":"BreadcrumbList","@id":"https:\/\/visithartola.fi\/de\/essen-trinken\/#breadcrumb","itemListElement":[{"@type":"ListItem","position":1,"name":"Home","item":"https:\/\/visithartola.fi\/de\/"},{"@type":"ListItem","position":2,"name":"Essen &#038; trinken"}]},{"@type":"WebSite","@id":"https:\/\/visithartola.fi\/#website","url":"https:\/\/visithartola.fi\/","name":"K\u00f6nigreich der wahren Erfahrung","description":"Kingdom of Hartola Reise-Website","potentialAction":[{"@type":"SearchAction","target":{"@type":"EntryPoint","urlTemplate":"https:\/\/visithartola.fi\/?s={search_term_string}"},"query-input":{"@type":"PropertyValueSpecification","valueRequired":true,"valueName":"search_term_string"}}],"inLanguage":"de"}]}},"_links":{"self":[{"href":"https:\/\/visithartola.fi\/de\/wp-json\/wp\/v2\/pages\/1424","targetHints":{"allow":["GET"]}}],"collection":[{"href":"https:\/\/visithartola.fi\/de\/wp-json\/wp\/v2\/pages"}],"about":[{"href":"https:\/\/visithartola.fi\/de\/wp-json\/wp\/v2\/types\/page"}],"author":[{"embeddable":true,"href":"https:\/\/visithartola.fi\/de\/wp-json\/wp\/v2\/users\/2"}],"replies":[{"embeddable":true,"href":"https:\/\/visithartola.fi\/de\/wp-json\/wp\/v2\/comments?post=1424"}],"version-history":[{"count":0,"href":"https:\/\/visithartola.fi\/de\/wp-json\/wp\/v2\/pages\/1424\/revisions"}],"wp:attachment":[{"href":"https:\/\/visithartola.fi\/de\/wp-json\/wp\/v2\/media?parent=1424"}],"curies":[{"name":"wp","href":"https:\/\/api.w.org\/{rel}","templated":true}]}}